{"id":206,"date":"2016-11-09T21:53:37","date_gmt":"2016-11-09T21:53:37","guid":{"rendered":"https:\/\/zmgps.org.mk\/?page_id=206"},"modified":"2021-11-08T13:27:30","modified_gmt":"2021-11-08T13:27:30","slug":"206-2","status":"publish","type":"page","link":"https:\/\/zmgps.org.mk\/?page_id=206&lang=de","title":{"rendered":"Partner im Inland"},"content":{"rendered":"<p class=\"xr_s1\"><span class=\"xr_tl xr_s1\" style=\"font-family: tahoma, arial, helvetica, sans-serif; font-size: 12pt;\">In diesem Teil stellen wir Ihnen unsere inl\u00e4ndischen Mitarbeiter vor, mit denen wir seit vielen Jahren zusammenarbeiten: <\/span><\/p>\n<p class=\"xr_s1\"><span class=\"xr_tl xr_s1\" style=\"font-family: tahoma, arial, helvetica, sans-serif; font-size: 12pt;\"><a href=\"http:\/\/www.bitola.gov.mk\/\">Gemeinde Bitola<\/a><\/span><\/p>\n<p class=\"xr_s1\"><span style=\"font-family: tahoma, arial, helvetica, sans-serif; font-size: 12pt;\"><span class=\"xr_tl xr_s1\"><a href=\"http:\/\/www.nuub.mk\" target=\"_blank\" rel=\"noopener\">National-und Universit\u00e4tsbibliothek <\/a><\/span><span class=\"xr_tl xr_s1\"><a href=\"http:\/\/www.nuub.mk\/\" target=\"_blank\" rel=\"noopener\">Sv. Kliment Ohridski Bitola<\/a><\/span><\/span><\/p>\n<p class=\"xr_s1\"><span class=\"xr_tl xr_s1\" style=\"font-family: tahoma, arial, helvetica, sans-serif; font-size: 12pt;\"><a href=\"http:\/\/www.mpc.org.mk\/\">Makedonische orthodoxe Kirche<\/a><\/span><\/p>\n<p class=\"xr_s1\"><span class=\"xr_tl xr_s1\" style=\"font-family: tahoma, arial, helvetica, sans-serif; font-size: 12pt;\"><a href=\"http:\/\/www.muzejbitola.mk\/\">Denkmalsamt,&nbsp; Museum und Galerie Bitola<\/a><\/span><\/p>\n<p class=\"xr_s1\"><span class=\"xr_tl xr_s1\" style=\"font-family: tahoma, arial, helvetica, sans-serif; font-size: 12pt;\"><a href=\"http:\/\/www.uklo.edu.mk\/\">Universit\u00e4t Sv. Kliment Ohridski Bitola<\/a><\/span><\/p>\n<p class=\"xr_s1\"><span style=\"font-family: tahoma, arial, helvetica, sans-serif; font-size: 12pt;\"><span class=\"xr_tl xr_s1\"><span class=\"xr_s3\">Konsulate:<\/span>&nbsp;\u00f6sterreichisches, franz\u00f6sisches, britisches, t\u00fcrkisches, slowakisches, <\/span><span class=\"xr_tl xr_s1\">griechisches, russisches Konsulat<\/span><\/span><\/p>\n<p class=\"xr_s1\"><span style=\"font-family: tahoma, arial, helvetica, sans-serif; font-size: 12pt;\"><span class=\"xr_tl xr_s1\"><span class=\"xr_s3\">Schulen (Grund- und Oberschulen):<\/span>&nbsp; &#8220;Kliment Ohridski&#8221;, &#8220;Stiv Naumov&#8221;, <\/span><span class=\"xr_tl xr_s1\">&#8220;Kiril i Metodij&#8221;, &#8220;Dr. Trifun Panovski&#8221;, &#8220;Elpida Karamandi&#8221;, <\/span><span class=\"xr_tl xr_s1\">&#8220;Gjorgji Sugarev&#8221;, &#8220;Kole Kaninski&#8221;, &#8220;Todor Angelevski&#8221;, Gymnasium <\/span><span class=\"xr_tl xr_s1\">&#8220;J.B.Tito&#8221;, Gymnasium &#8220;Taki Daskalo&#8221;, Technische Oberschule <\/span><span class=\"xr_tl xr_s1\">&#8220;Gjorgji Naumov&#8221;, Wirtschaftsoberschule &#8220;Jane Sandanski&#8221;<\/span><\/span><\/p>\n<p class=\"xr_s1\"><span style=\"font-family: tahoma, arial, helvetica, sans-serif; font-size: 12pt;\"><span class=\"xr_tl xr_s1\"><span class=\"xr_s3\">Kultureinrichtungen:<\/span>&nbsp;Kulturzentrum, Volkstheater Bitola, <\/span><span class=\"xr_tl xr_s1\">Deutscher Lesesaal Skopje, KUD Stiv Naumov Bitola&nbsp;<\/span><\/span><\/p>\n<p class=\"xr_s1\"><span style=\"font-family: tahoma, arial, helvetica, sans-serif; font-size: 12pt;\"><span class=\"xr_tl xr_s1\"><span class=\"xr_s3\">Firmen: <\/span>Druckerei Gutenberg Bitola, Baugesellschaft Pelister Bitola, <\/span><span class=\"xr_tl xr_s1\">Baugesellschaft Mavrovo Bitola, Maschinenfabrik Bitola, <\/span><span class=\"xr_tl xr_s1\">Wasserwirtschaft Bitola<\/span><\/span><\/p>\n<p class=\"xr_s3\"><span style=\"font-family: tahoma, arial, helvetica, sans-serif; font-size: 12pt;\"><span class=\"xr_tc xr_s3\">Unsere Partner:<\/span><\/span><\/p>\n<p class=\"xr_s3\"><span style=\"font-family: tahoma, arial, helvetica, sans-serif; font-size: 12pt;\"><span class=\"xr_tc xr_s1\">Digital Fotostudio PINK Bitola <\/span><span class=\"xr_tc xr_s1\">047 236-404<\/span><\/span><\/p>\n<p class=\"xr_s3\"><span style=\"font-family: tahoma, arial, helvetica, sans-serif; font-size: 12pt;\"><span class=\"xr_tc xr_s1\"><a href=\"http:\/\/www.delfin.com.mk\/\">Sprachschule f\u00fcr Deutsch <\/a><\/span><span class=\"xr_tc xr_s1\"><a href=\"http:\/\/www.delfin.com.mk\/\">Delfin Bitola<\/a><\/span><\/span><\/p>\n<p class=\"xr_s2\"><span style=\"font-family: tahoma, arial, helvetica, sans-serif; font-size: 12pt;\"><span class=\"xr_tc xr_s2\"><a href=\"http:\/\/www.tera.mk\/\">\u0422V TERA Bitola<\/a><\/span><\/span><\/p>\n<p class=\"xr_s2\"><span style=\"font-family: tahoma, arial, helvetica, sans-serif; font-size: 12pt;\"><span class=\"xr_tc xr_s1\">AF Pletenka Bitola<\/span><\/span><\/p>\n","protected":false},"excerpt":{"rendered":"<p>In diesem Teil stellen wir Ihnen unsere inl\u00e4ndischen Mitarbeiter vor, mit denen wir seit vielen Jahren zusammenarbeiten: Gemeinde Bitola National-und Universit\u00e4tsbibliothek Sv. Kliment Ohridski Bitola Makedonische orthodoxe Kirche Denkmalsamt,&nbsp; Museum und Galerie Bitola Universit\u00e4t Sv. Kliment Ohridski Bitola Konsulate:&nbsp;\u00f6sterreichisches, franz\u00f6sisches, britisches, t\u00fcrkisches, slowakisches, griechisches, russisches Konsulat Schulen (Grund- und Oberschulen):&nbsp; &#8220;Kliment Ohridski&#8221;, &#8220;Stiv Naumov&#8221;, &#8220;Kiril [&hellip;]<\/p>\n","protected":false},"author":1,"featured_media":0,"parent":0,"menu_order":0,"comment_status":"closed","ping_status":"closed","template":"","meta":{"ngg_post_thumbnail":0,"footnotes":""},"categories":[42],"tags":[],"class_list":["post-206","page","type-page","status-publish","hentry","category-partner"],"_links":{"self":[{"href":"https:\/\/zmgps.org.mk\/index.php?rest_route=\/wp\/v2\/pages\/206","targetHints":{"allow":["GET"]}}],"collection":[{"href":"https:\/\/zmgps.org.mk\/index.php?rest_route=\/wp\/v2\/pages"}],"about":[{"href":"https:\/\/zmgps.org.mk\/index.php?rest_route=\/wp\/v2\/types\/page"}],"author":[{"embeddable":true,"href":"https:\/\/zmgps.org.mk\/index.php?rest_route=\/wp\/v2\/users\/1"}],"replies":[{"embeddable":true,"href":"https:\/\/zmgps.org.mk\/index.php?rest_route=%2Fwp%2Fv2%2Fcomments&post=206"}],"version-history":[{"count":8,"href":"https:\/\/zmgps.org.mk\/index.php?rest_route=\/wp\/v2\/pages\/206\/revisions"}],"predecessor-version":[{"id":1263,"href":"https:\/\/zmgps.org.mk\/index.php?rest_route=\/wp\/v2\/pages\/206\/revisions\/1263"}],"wp:attachment":[{"href":"https:\/\/zmgps.org.mk\/index.php?rest_route=%2Fwp%2Fv2%2Fmedia&parent=206"}],"wp:term":[{"taxonomy":"category","embeddable":true,"href":"https:\/\/zmgps.org.mk\/index.php?rest_route=%2Fwp%2Fv2%2Fcategories&post=206"},{"taxonomy":"post_tag","embeddable":true,"href":"https:\/\/zmgps.org.mk\/index.php?rest_route=%2Fwp%2Fv2%2Ftags&post=206"}],"curies":[{"name":"wp","href":"https:\/\/api.w.org\/{rel}","templated":true}]}}