{"id":249,"date":"2016-11-09T22:46:15","date_gmt":"2016-11-09T22:46:15","guid":{"rendered":"https:\/\/zmgps.org.mk\/?page_id=249"},"modified":"2022-06-09T20:55:53","modified_gmt":"2022-06-09T20:55:53","slug":"mitglieder","status":"publish","type":"page","link":"https:\/\/zmgps.org.mk\/?page_id=249&lang=de","title":{"rendered":"Mitglieder"},"content":{"rendered":"<div id=\"pl-249\"  class=\"panel-layout\" ><div id=\"pg-249-0\"  class=\"panel-grid panel-no-style\" ><div id=\"pgc-249-0-0\"  class=\"panel-grid-cell\" ><div id=\"panel-249-0-0-0\" class=\"so-panel widget widget_black-studio-tinymce widget_black_studio_tinymce panel-first-child panel-last-child\" data-index=\"0\" ><div class=\"textwidget\"><p><img loading=\"lazy\" decoding=\"async\" class=\"alignnone size-full wp-image-128 aligncenter\" src=\"https:\/\/zmgps.org.mk\/wp-content\/uploads\/2016\/11\/819.jpg\" alt=\"819\" width=\"93\" height=\"125\" data-id=\"128\"><\/p>\n<p style=\"text-align: center;\"><span style=\"font-family: tahoma, arial, helvetica, sans-serif; font-size: 12pt;\"><strong><span class=\"xr_tc xr_s3\">Petrovski Goran<\/span><\/strong><\/span><\/p>\n<p style=\"text-align: center;\"><span style=\"font-family: tahoma, arial, helvetica, sans-serif; font-size: 12pt;\"><span class=\"xr_tc xr_s1\">Gesch\u00e4ftsf\u00fchrer von <\/span><span class=\"xr_tc xr_s1\">Digital <\/span><\/span><\/p>\n<p style=\"text-align: center;\"><span class=\"xr_tc xr_s1\" style=\"font-family: tahoma, arial, helvetica, sans-serif; font-size: 12pt;\">Fotostudio \"PINK\" Bitola<\/span><\/p>\n<\/div><\/div><\/div><div id=\"pgc-249-0-1\"  class=\"panel-grid-cell\" ><div id=\"panel-249-0-1-0\" class=\"so-panel widget widget_black-studio-tinymce widget_black_studio_tinymce panel-first-child panel-last-child\" data-index=\"1\" ><div class=\"textwidget\"><p style=\"text-align: center;\"><img loading=\"lazy\" decoding=\"async\" class=\"alignnone size-full wp-image-129\" src=\"https:\/\/zmgps.org.mk\/wp-content\/uploads\/2016\/11\/820.jpg\" alt=\"820\" width=\"94\" height=\"124\" data-id=\"129\"><\/p>\n<p style=\"text-align: center;\"><strong><span class=\"xr_tc xr_s3\" style=\"font-size: 12pt; font-family: tahoma, arial, helvetica, sans-serif;\">Dr. Nikolche Shulevski<\/span><\/strong><\/p>\n<p style=\"text-align: center;\"><span class=\"xr_tc xr_s1\" style=\"font-size: 12pt; font-family: tahoma, arial, helvetica, sans-serif;\">Studienrat&nbsp; in SOEU \"Jane Sandanski\", <\/span><\/p>\n<p style=\"text-align: center;\"><span class=\"xr_tc xr_s1\" style=\"font-size: 12pt; font-family: tahoma, arial, helvetica, sans-serif;\">Gerichts\u00fcbersetzer f\u00fcr Deutsch und <\/span><\/p>\n<p style=\"text-align: center;\"><span class=\"xr_tc xr_s1\" style=\"font-size: 12pt; font-family: tahoma, arial, helvetica, sans-serif;\">Gr\u00fcnder der Sprachschule f\u00fcr <\/span><\/p>\n<p style=\"text-align: center;\"><span class=\"xr_tc xr_s1\" style=\"font-size: 12pt; font-family: tahoma, arial, helvetica, sans-serif;\">Deutsch \"DELFIN\" Bitola<\/span><\/p>\n<\/div><\/div><\/div><\/div><div id=\"pg-249-1\"  class=\"panel-grid panel-no-style\" ><div id=\"pgc-249-1-0\"  class=\"panel-grid-cell\" ><div id=\"panel-249-1-0-0\" class=\"so-panel widget widget_black-studio-tinymce widget_black_studio_tinymce panel-first-child panel-last-child\" data-index=\"2\" ><div class=\"textwidget\"><p><img loading=\"lazy\" decoding=\"async\" class=\"alignnone size-full wp-image-122 aligncenter\" src=\"https:\/\/zmgps.org.mk\/wp-content\/uploads\/2016\/11\/814.jpg\" alt=\"814\" width=\"105\" height=\"140\" data-id=\"122\"><\/p>\n<p style=\"text-align: center;\"><span style=\"font-family: tahoma, arial, helvetica, sans-serif; font-size: 12pt;\"><strong><span class=\"xr_tc xr_s4\">\u041c\u0410 Kovachevski Vasko<\/span><span class=\"xr_tc xr_s4\">&nbsp;<\/span><\/strong><\/span><\/p>\n<p style=\"text-align: center;\">Gen. Direktor von ESM<\/p>\n<\/div><\/div><\/div><div id=\"pgc-249-1-1\"  class=\"panel-grid-cell\" ><div id=\"panel-249-1-1-0\" class=\"so-panel widget widget_black-studio-tinymce widget_black_studio_tinymce panel-first-child panel-last-child\" data-index=\"3\" ><div class=\"textwidget\"><p style=\"text-align: center;\"><img loading=\"lazy\" decoding=\"async\" class=\"alignnone size-full wp-image-131\" src=\"https:\/\/zmgps.org.mk\/wp-content\/uploads\/2016\/11\/822.jpg\" alt=\"822\" width=\"94\" height=\"124\" data-id=\"131\"><\/p>\n<p style=\"text-align: center;\"><span style=\"font-family: tahoma, arial, helvetica, sans-serif; font-size: 12pt;\"><strong><span class=\"xr_tc xr_s3\">MA \u041conavcheva Simona<\/span><\/strong><\/span><\/p>\n<p style=\"text-align: center;\"><span style=\"font-family: tahoma, arial, helvetica, sans-serif; font-size: 12pt;\"><span class=\"xr_tc xr_s1\">Deutschlehrerin in der <\/span><span class=\"xr_tc xr_s1\">Grundschule <\/span><\/span><\/p>\n<p style=\"text-align: center;\"><span class=\"xr_tc xr_s1\" style=\"font-family: tahoma, arial, helvetica, sans-serif; font-size: 12pt;\">\"Todor Angelevski\" Bitola<\/span><\/p>\n<\/div><\/div><\/div><\/div><div id=\"pg-249-2\"  class=\"panel-grid panel-no-style\" ><div id=\"pgc-249-2-0\"  class=\"panel-grid-cell\" ><div id=\"panel-249-2-0-0\" class=\"so-panel widget widget_black-studio-tinymce widget_black_studio_tinymce panel-first-child panel-last-child\" data-index=\"4\" ><div class=\"textwidget\"><p style=\"text-align: center;\"><img loading=\"lazy\" decoding=\"async\" class=\"alignnone size-full wp-image-132\" src=\"https:\/\/zmgps.org.mk\/wp-content\/uploads\/2016\/11\/824.jpg\" alt=\"824\" width=\"95\" height=\"123\" data-id=\"132\"><\/p>\n<p style=\"text-align: center;\"><span style=\"font-size: 12pt; font-family: tahoma, arial, helvetica, sans-serif;\"><strong><span class=\"xr_tc xr_s3\">MA&nbsp; Krstevska Kristina<\/span><\/strong><\/span><\/p>\n<p style=\"text-align: center;\"><span class=\"xr_tc xr_s1\" style=\"font-size: 12pt; font-family: tahoma, arial, helvetica, sans-serif;\">Deutsch- und Makedonischlehrerin<\/span><\/p>\n<\/div><\/div><\/div><div id=\"pgc-249-2-1\"  class=\"panel-grid-cell\" ><div id=\"panel-249-2-1-0\" class=\"so-panel widget widget_black-studio-tinymce widget_black_studio_tinymce panel-first-child panel-last-child\" data-index=\"5\" ><div class=\"textwidget\"><p style=\"text-align: center;\"><img loading=\"lazy\" decoding=\"async\" class=\"alignnone size-full wp-image-130\" src=\"https:\/\/zmgps.org.mk\/wp-content\/uploads\/2016\/11\/821.jpg\" alt=\"821\" width=\"94\" height=\"124\" data-id=\"130\"><\/p>\n<p style=\"text-align: center;\"><span style=\"font-family: tahoma, arial, helvetica, sans-serif; font-size: 12pt;\"><strong><span class=\"xr_tc xr_s3\">MA Vangelovska Irena<\/span><\/strong><\/span><\/p>\n<p style=\"text-align: center;\"><span style=\"font-family: tahoma, arial, helvetica, sans-serif; font-size: 12pt;\"><span class=\"xr_tc xr_s1\">Buchhalterin in der Spezialklinik&nbsp; <\/span><span class=\"xr_tc xr_s1\">f\u00fcr <\/span><\/span><\/p>\n<p style=\"text-align: center;\"><span style=\"font-family: tahoma, arial, helvetica, sans-serif; font-size: 12pt;\"><span class=\"xr_tc xr_s1\">Gyn\u00e4kologie und Obstetrik <\/span><span class=\"xr_tc xr_s1\">\"Plodnost\" Bitola<\/span><\/span><\/p>\n<\/div><\/div><\/div><\/div><\/div>","protected":false},"excerpt":{"rendered":"<p>Petrovski GoranGesch\u00e4ftsf\u00fchrer von Digital Fotostudio &#8220;PINK&#8221; Bitola Dr. Nikolche Shulevski Studienrat&nbsp; in SOEU &#8220;Jane Sandanski&#8221;, Gerichts\u00fcbersetzer f\u00fcr Deutsch und Gr\u00fcnder der Sprachschule f\u00fcr Deutsch &#8220;DELFIN&#8221; Bitola \u041c\u0410 Kovachevski Vasko&nbsp; Gen. Direktor von ESM MA \u041conavcheva Simona Deutschlehrerin in der Grundschule &#8220;Todor Angelevski&#8221; Bitola<\/p>\n","protected":false},"author":1,"featured_media":0,"parent":0,"menu_order":0,"comment_status":"closed","ping_status":"closed","template":"","meta":{"ngg_post_thumbnail":0,"footnotes":""},"categories":[44],"tags":[],"class_list":["post-249","page","type-page","status-publish","hentry","category-prasidium"],"_links":{"self":[{"href":"https:\/\/zmgps.org.mk\/index.php?rest_route=\/wp\/v2\/pages\/249","targetHints":{"allow":["GET"]}}],"collection":[{"href":"https:\/\/zmgps.org.mk\/index.php?rest_route=\/wp\/v2\/pages"}],"about":[{"href":"https:\/\/zmgps.org.mk\/index.php?rest_route=\/wp\/v2\/types\/page"}],"author":[{"embeddable":true,"href":"https:\/\/zmgps.org.mk\/index.php?rest_route=\/wp\/v2\/users\/1"}],"replies":[{"embeddable":true,"href":"https:\/\/zmgps.org.mk\/index.php?rest_route=%2Fwp%2Fv2%2Fcomments&post=249"}],"version-history":[{"count":1,"href":"https:\/\/zmgps.org.mk\/index.php?rest_route=\/wp\/v2\/pages\/249\/revisions"}],"predecessor-version":[{"id":256,"href":"https:\/\/zmgps.org.mk\/index.php?rest_route=\/wp\/v2\/pages\/249\/revisions\/256"}],"wp:attachment":[{"href":"https:\/\/zmgps.org.mk\/index.php?rest_route=%2Fwp%2Fv2%2Fmedia&parent=249"}],"wp:term":[{"taxonomy":"category","embeddable":true,"href":"https:\/\/zmgps.org.mk\/index.php?rest_route=%2Fwp%2Fv2%2Fcategories&post=249"},{"taxonomy":"post_tag","embeddable":true,"href":"https:\/\/zmgps.org.mk\/index.php?rest_route=%2Fwp%2Fv2%2Ftags&post=249"}],"curies":[{"name":"wp","href":"https:\/\/api.w.org\/{rel}","templated":true}]}}